{"id":27,"date":"2011-11-28T12:56:28","date_gmt":"2011-11-28T16:56:28","guid":{"rendered":"http:\/\/projele.draconis.ufms.br\/?page_id=27"},"modified":"2024-06-04T19:44:12","modified_gmt":"2024-06-04T23:44:12","slug":"tabela-de-cursos","status":"publish","type":"page","link":"https:\/\/progeli.ufms.br\/en\/tabela-de-cursos","title":{"rendered":"IDIOMAS E HOR\u00c1RIOS &#8211; 2024.1"},"content":{"rendered":"<p><span style=\"font-size: 14pt\"><strong>Informa\u00e7\u00f5es sobre as aulas<\/strong><\/span><\/p>\n<p>As aulas semanais podem ser 2 vezes de segunda \u00e0 sexta, no per\u00edodo do almo\u00e7o ou \u00e0 noite; e aos s\u00e1bados, no per\u00edodo da manh\u00e3 ou tarde.<\/p>\n<p>As aulas online acontecem de forma remota, mas s\u00edncrona, com encontros pelo Google Meet nos hor\u00e1rios e dias designados. As aulas de ingl\u00eas da modalidade online s\u00e3o do n\u00edvel b\u00e1sico, exceto a Ingl\u00eas para fins acad\u00eamicos, que \u00e9 voltada preferencialmente para quem j\u00e1 tem um n\u00edvel intermedi\u00e1rio.<\/p>\n<p>&nbsp;<\/p>\n<p><strong>Taxa de inscri\u00e7\u00e3o:<\/strong><\/p>\n<p>Valor \u00fanico semestral: R$ 450,00<\/p>\n<p>Valor \u00fanico semestral de Libras e Oficina: R$ 250,00<\/p>\n<p>Valor de Portugu\u00eas como l\u00edngua de acolhimento: gratuito<\/p>\n<p>&nbsp;<\/p>\n<p>&nbsp;<\/p>\n<p><span style=\"font-size: 14pt\"><strong>Hor\u00e1rios<\/strong><\/span><\/p>\n<p style=\"text-align: left\"><strong><span style=\"font-family: georgia, palatino, serif\"><span style=\"font-size: 14pt\">Campo Grande &#8211; aulas presenciais<\/span><\/span><\/strong><\/p>\n<table style=\"width: 100%;border-collapse: collapse;border-style: solid;height: 1024px\">\n<tbody>\n<tr style=\"height: 50px\">\n<td style=\"width: 82.3292%;border-style: solid;text-align: center;height: 50px\" colspan=\"4\"><strong>SEGUNDA \u00c0 SEXTA<\/strong><\/td>\n<\/tr>\n<tr style=\"height: 27px\">\n<td style=\"height: 27px;width: 21.1847%;border-style: solid;text-align: center\"><\/td>\n<td style=\"height: 27px;width: 18.3735%;border-style: solid;text-align: center\" data-sheets-value=\"{&quot;1&quot;:2,&quot;2&quot;:&quot;SEG e QUA&quot;}\"><strong>SEG e QUA<\/strong><\/td>\n<td style=\"height: 27px;width: 21.3855%;border-style: solid;text-align: center\" data-sheets-value=\"{&quot;1&quot;:2,&quot;2&quot;:&quot;TER e QUI&quot;}\"><strong>TER e QUI<\/strong><\/td>\n<td style=\"width: 21.3855%;border-style: solid;text-align: center;height: 27px\"><strong>TER E SEX<\/strong><\/td>\n<\/tr>\n<tr style=\"height: 48px\">\n<td style=\"height: 123px;width: 21.1847%;border-style: solid;text-align: center\" data-sheets-value=\"{&quot;1&quot;:2,&quot;2&quot;:&quot;13h30-15h00&quot;}\">13h30-15h00<\/td>\n<td style=\"height: 123px;width: 18.3735%;border-style: solid;text-align: center\" data-sheets-value=\"{&quot;1&quot;:2,&quot;2&quot;:&quot;Ingl\u00eas 1&quot;}\">Ingl\u00eas Iniciante<\/p>\n<p>Italiano Iniciante<\/td>\n<td style=\"height: 123px;width: 21.3855%;border-style: solid;text-align: center\" data-sheets-value=\"{&quot;1&quot;:2,&quot;2&quot;:&quot;Ingl\u00eas 1\\nFranc\u00eas 1&quot;}\">Ingl\u00eas Iniciante<\/p>\n<p>Espanhol Intermedi\u00e1rio<\/td>\n<td style=\"width: 21.3855%;border-style: solid;text-align: center;height: 123px\"><\/td>\n<\/tr>\n<tr style=\"height: 48px\">\n<td style=\"height: 74px;width: 21.1847%;border-style: solid;text-align: center\" data-sheets-value=\"{&quot;1&quot;:2,&quot;2&quot;:&quot;14h-16h&quot;}\">14h-16h<\/td>\n<td style=\"height: 74px;width: 18.3735%;border-style: solid;text-align: center\"><\/td>\n<td style=\"height: 74px;width: 21.3855%;border-style: solid;text-align: center\" data-sheets-value=\"{&quot;1&quot;:2,&quot;2&quot;:&quot;Oficina: Tradu\u00e7\u00e3o Liter\u00e1ria&quot;}\">Oficina: Tradu\u00e7\u00e3o Liter\u00e1ria<\/td>\n<td style=\"width: 21.3855%;border-style: solid;text-align: center;height: 74px\"><\/td>\n<\/tr>\n<tr style=\"height: 72px\">\n<td style=\"height: 236px;width: 21.1847%;border-style: solid;text-align: center\" data-sheets-value=\"{&quot;1&quot;:2,&quot;2&quot;:&quot;18h-19h30&quot;}\">18h-19h30<\/td>\n<td style=\"height: 236px;width: 18.3735%;border-style: solid;text-align: center\" data-sheets-value=\"{&quot;1&quot;:2,&quot;2&quot;:&quot;Ingl\u00eas 1\\nIngl\u00eas 2\\nEspanhol 1&quot;}\">Ingl\u00eas Iniciante<\/p>\n<p>Ingl\u00eas Intermedi\u00e1rio<\/p>\n<p>Espanhol Iniciante<\/p>\n<p>Libras Iniciante<\/p>\n<p>Portugu\u00eas para estrangeiros<\/td>\n<td style=\"height: 236px;width: 21.3855%;border-style: solid;text-align: center\" data-sheets-value=\"{&quot;1&quot;:2,&quot;2&quot;:&quot;Ingl\u00eas 1\\nEspanhol 2\\nIngl\u00eas 3&quot;}\">Ingl\u00eas Iniciante<\/p>\n<p>Ingl\u00eas Avan\u00e7ado<\/td>\n<td style=\"width: 21.3855%;border-style: solid;text-align: center;height: 236px\">Franc\u00eas Iniciante<\/td>\n<\/tr>\n<tr style=\"height: 24px;border-color: #ffffff\">\n<td style=\"height: 37px;width: 21.1847%;border-style: solid;text-align: center\" colspan=\"4\"><\/td>\n<\/tr>\n<tr style=\"height: 46px\">\n<td style=\"width: 21.1847%;border-style: solid;text-align: center;height: 46px\" colspan=\"4\"><strong>S\u00c1BADO<\/strong><\/td>\n<\/tr>\n<tr style=\"height: 144px\">\n<td style=\"height: 221px;width: 21.1847%;border-style: solid;text-align: center\" data-sheets-value=\"{&quot;1&quot;:2,&quot;2&quot;:&quot;9h-12h&quot;}\">9h-12h<\/td>\n<td style=\"height: 221px;width: 18.3735%;border-style: solid;text-align: center\" colspan=\"3\" data-sheets-value=\"{&quot;1&quot;:2,&quot;2&quot;:&quot;Ingl\u00eas 1\\nIngl\u00eas 1\\nIngl\u00eas 2\\nEspanhol 1\\nFranc\u00eas 1\\nLibras 1&quot;}\">Ingl\u00eas Iniciante<\/p>\n<p>Ingl\u00eas Iniciante<\/p>\n<p>Ingl\u00eas Intermedi\u00e1rio<\/p>\n<p>Espanhol Iniciante<\/p>\n<p>Franc\u00eas Iniciante<\/p>\n<p>Libras Iniciante<\/td>\n<\/tr>\n<tr style=\"height: 144px\">\n<td style=\"height: 210px;width: 21.1847%;border-style: solid;text-align: center\" data-sheets-value=\"{&quot;1&quot;:2,&quot;2&quot;:&quot;14h-17h&quot;}\">14h-17h<\/td>\n<td style=\"height: 210px;width: 18.3735%;border-style: solid;text-align: center\" colspan=\"3\" data-sheets-value=\"{&quot;1&quot;:2,&quot;2&quot;:&quot;Ingl\u00eas 1\\nIngl\u00eas 1\\nEspanhol 1\\nFranc\u00eas 1\\nLibras 1\\nItaliano 1&quot;}\">Ingl\u00eas Iniciante<\/p>\n<p>Ingl\u00eas Iniciante<\/p>\n<p>Espanhol Iniciante<\/p>\n<p>Franc\u00eas Iniciante<\/p>\n<p>Italiano Iniciante<\/td>\n<\/tr>\n<\/tbody>\n<\/table>\n<address>\u00a0<\/address>\n<p>&nbsp;<\/p>\n<p><span style=\"font-size: 14pt\"><strong>Corumb\u00e1 &#8211;\u00a0 aulas presenciais<\/strong><\/span><\/p>\n<table style=\"width: 98.9267%;border-collapse: collapse;border-style: solid;height: 116px\">\n<tbody>\n<tr style=\"height: 53px\">\n<td style=\"width: 35.8434%;border-style: solid;text-align: center;height: 53px\" colspan=\"2\"><strong>S\u00c1BADO<\/strong><\/td>\n<\/tr>\n<tr style=\"height: 63px\">\n<td style=\"width: 9.42723%;border-style: solid;text-align: center;height: 63px\" data-sheets-value=\"{&quot;1&quot;:2,&quot;2&quot;:&quot;14h-17h&quot;}\">14h-17h<\/td>\n<td style=\"width: 26.4162%;border-style: solid;text-align: center;height: 63px\" data-sheets-value=\"{&quot;1&quot;:2,&quot;2&quot;:&quot;Ingl\u00eas 1\\n&quot;}\">Ingl\u00eas Iniciante<\/td>\n<\/tr>\n<\/tbody>\n<\/table>\n<p>&nbsp;<\/p>\n<p><em><br \/>\n<\/em><span style=\"font-size: 14pt\"><strong>Tr\u00eas Lagoas &#8211;\u00a0 aulas presenciais<\/strong><\/span><\/p>\n<table style=\"border-collapse: collapse;border-style: solid;width: 98.3423%;height: 114px\">\n<tbody>\n<tr style=\"height: 42px\">\n<td style=\"width: 138.77%;border-style: solid;text-align: center;height: 49px\" colspan=\"2\"><strong>S\u00c1BADO<\/strong><\/td>\n<\/tr>\n<tr style=\"height: 42px\">\n<td style=\"width: 26.2087%;border-style: solid;text-align: center;height: 65px\" data-sheets-value=\"{&quot;1&quot;:2,&quot;2&quot;:&quot;14h-17h&quot;}\">9h-11h*<\/td>\n<td style=\"width: 112.561%;border-style: solid;text-align: center;height: 65px\" data-sheets-value=\"{&quot;1&quot;:2,&quot;2&quot;:&quot;Ingl\u00eas 1\\n&quot;}\">Ingl\u00eas Iniciante<\/td>\n<\/tr>\n<\/tbody>\n<\/table>\n<p>*Uma hora semanal ser\u00e1 de atividades online.<\/p>\n<p>&nbsp;<\/p>\n<p><span style=\"font-size: 14pt\"><strong>Turmas Online<\/strong><\/span><\/p>\n<table style=\"width: 100%;border-collapse: collapse;border-style: solid;height: 489px\">\n<tbody>\n<tr style=\"height: 47px\">\n<td style=\"width: 14.3574%;border-style: solid;text-align: center;height: 47px\"><\/td>\n<td style=\"width: 25.3012%;border-style: solid;text-align: center;height: 47px\" data-sheets-value=\"{&quot;1&quot;:2,&quot;2&quot;:&quot;SEG e QUA&quot;}\"><strong>SEG e QUA<\/strong><\/td>\n<td style=\"width: 35.0402%;border-style: solid;text-align: center;height: 47px\" data-sheets-value=\"{&quot;1&quot;:2,&quot;2&quot;:&quot;TER e QUI&quot;}\"><strong>TER e QUI<\/strong><\/td>\n<\/tr>\n<tr style=\"height: 59px\">\n<td style=\"width: 14.3574%;border-style: solid;text-align: center;height: 59px\" data-sheets-value=\"{&quot;1&quot;:2,&quot;2&quot;:&quot;13h-14h30&quot;}\">14h-16h<\/td>\n<td style=\"width: 25.3012%;border-style: solid;text-align: center;height: 59px\"><\/td>\n<td style=\"width: 35.0402%;border-style: solid;text-align: center;height: 59px\"><span data-sheets-root=\"1\" data-sheets-value=\"{&quot;1&quot;:2,&quot;2&quot;:&quot;L\u00edngua Alem\u00e3 iniciante&quot;}\" data-sheets-userformat=\"{&quot;2&quot;:575,&quot;3&quot;:{&quot;1&quot;:0},&quot;4&quot;:{&quot;1&quot;:2,&quot;2&quot;:13689059},&quot;5&quot;:{&quot;1&quot;:[{&quot;1&quot;:2,&quot;2&quot;:0,&quot;5&quot;:{&quot;1&quot;:2,&quot;2&quot;:0}},{&quot;1&quot;:0,&quot;2&quot;:0,&quot;3&quot;:3},{&quot;1&quot;:1,&quot;2&quot;:0,&quot;4&quot;:1}]},&quot;6&quot;:{&quot;1&quot;:[{&quot;1&quot;:2,&quot;2&quot;:0,&quot;5&quot;:{&quot;1&quot;:2,&quot;2&quot;:0}},{&quot;1&quot;:0,&quot;2&quot;:0,&quot;3&quot;:3},{&quot;1&quot;:1,&quot;2&quot;:0,&quot;4&quot;:1}]},&quot;7&quot;:{&quot;1&quot;:[{&quot;1&quot;:2,&quot;2&quot;:0,&quot;5&quot;:{&quot;1&quot;:2,&quot;2&quot;:0}},{&quot;1&quot;:0,&quot;2&quot;:0,&quot;3&quot;:3},{&quot;1&quot;:1,&quot;2&quot;:0,&quot;4&quot;:1}]},&quot;8&quot;:{&quot;1&quot;:[{&quot;1&quot;:2,&quot;2&quot;:0,&quot;5&quot;:{&quot;1&quot;:2,&quot;2&quot;:0}},{&quot;1&quot;:0,&quot;2&quot;:0,&quot;3&quot;:3},{&quot;1&quot;:1,&quot;2&quot;:0,&quot;4&quot;:1}]},&quot;12&quot;:0}\">L\u00edngua Alem\u00e3 iniciante<\/span><\/td>\n<\/tr>\n<tr style=\"height: 176px\">\n<td style=\"width: 14.3574%;border-style: solid;text-align: center;height: 176px\" data-sheets-value=\"{&quot;1&quot;:2,&quot;2&quot;:&quot;19h-20h30&quot;}\">19h-20h30<\/td>\n<td style=\"width: 25.3012%;border-style: solid;text-align: center;height: 176px\" data-sheets-value=\"{&quot;1&quot;:2,&quot;2&quot;:&quot;Ingl\u00eas e quadrinhos\\nIngl\u00eas e mitologia\\nL\u00edngua Chinesa 1\\nL\u00edngua Espanhola 1&quot;}\">Ingl\u00eas e mitologia<\/p>\n<p>L\u00edngua Chinesa Iniciante<\/p>\n<p>Ingl\u00eas e cinema<\/td>\n<td style=\"width: 35.0402%;border-style: solid;text-align: center;height: 176px\" data-sheets-value=\"{&quot;1&quot;:2,&quot;2&quot;:&quot;Ingl\u00eas e cinema\\nIngl\u00eas e contos de fadas\\nIngl\u00eas para fins acad\u00eamicos\\n&quot;}\">Ingl\u00eas para fins acad\u00eamicos<\/td>\n<\/tr>\n<tr style=\"height: 24px\">\n<td style=\"width: 14.3574%;border-style: solid;text-align: center;height: 24px\" colspan=\"3\"><\/td>\n<\/tr>\n<tr style=\"height: 42px\">\n<td style=\"width: 74.6988%;border-style: solid;text-align: center;height: 42px\" colspan=\"3\"><strong>S\u00c1BADO<\/strong><\/td>\n<\/tr>\n<tr style=\"height: 141px\">\n<td style=\"width: 14.3574%;border-style: solid;text-align: center;height: 141px\" data-sheets-value=\"{&quot;1&quot;:2,&quot;2&quot;:&quot;9h-12h&quot;}\">9h-12h<\/td>\n<td style=\"width: 25.3012%;border-style: solid;text-align: center;height: 141px\" colspan=\"2\">L\u00edngua Alem\u00e3 Iniciante<\/p>\n<p><span data-sheets-root=\"1\" data-sheets-value=\"{&quot;1&quot;:2,&quot;2&quot;:&quot;Ingl\u00eas e contos de fadas&quot;}\" data-sheets-userformat=\"{&quot;2&quot;:6783,&quot;3&quot;:{&quot;1&quot;:0},&quot;4&quot;:{&quot;1&quot;:2,&quot;2&quot;:14281427},&quot;5&quot;:{&quot;1&quot;:[{&quot;1&quot;:2,&quot;2&quot;:0,&quot;5&quot;:{&quot;1&quot;:2,&quot;2&quot;:0}},{&quot;1&quot;:0,&quot;2&quot;:0,&quot;3&quot;:3},{&quot;1&quot;:1,&quot;2&quot;:0,&quot;4&quot;:1}]},&quot;6&quot;:{&quot;1&quot;:[{&quot;1&quot;:2,&quot;2&quot;:0,&quot;5&quot;:{&quot;1&quot;:2,&quot;2&quot;:0}},{&quot;1&quot;:0,&quot;2&quot;:0,&quot;3&quot;:3},{&quot;1&quot;:1,&quot;2&quot;:0,&quot;4&quot;:1}]},&quot;7&quot;:{&quot;1&quot;:[{&quot;1&quot;:2,&quot;2&quot;:0,&quot;5&quot;:{&quot;1&quot;:2,&quot;2&quot;:0}},{&quot;1&quot;:0,&quot;2&quot;:0,&quot;3&quot;:3},{&quot;1&quot;:1,&quot;2&quot;:0,&quot;4&quot;:1}]},&quot;8&quot;:{&quot;1&quot;:[{&quot;1&quot;:2,&quot;2&quot;:0,&quot;5&quot;:{&quot;1&quot;:2,&quot;2&quot;:0}},{&quot;1&quot;:0,&quot;2&quot;:0,&quot;3&quot;:3},{&quot;1&quot;:1,&quot;2&quot;:0,&quot;4&quot;:1}]},&quot;9&quot;:0,&quot;12&quot;:0,&quot;14&quot;:{&quot;1&quot;:2,&quot;2&quot;:0},&quot;15&quot;:&quot;Arial&quot;}\">Ingl\u00eas e contos de fadas<\/span><\/p>\n<p>Espanhol Iniciante<\/td>\n<\/tr>\n<\/tbody>\n<\/table>\n<p>&nbsp;<\/p>\n","protected":false},"excerpt":{"rendered":"<p>Informa\u00e7\u00f5es sobre as aulas As aulas semanais podem ser 2 vezes de segunda \u00e0 sexta, no per\u00edodo do almo\u00e7o ou \u00e0 noite; e aos s\u00e1bados, no per\u00edodo da manh\u00e3 ou tarde. As aulas online acontecem de forma remota, mas s\u00edncrona, com encontros pelo Google Meet nos hor\u00e1rios e dias designados. As aulas de ingl\u00eas da&#8230;<\/p>\n","protected":false},"author":42,"featured_media":0,"parent":0,"menu_order":0,"comment_status":"closed","ping_status":"open","template":"","meta":{"_acf_changed":false,"_price":"","_stock":"","_tribe_ticket_header":"","_tribe_default_ticket_provider":"","_tribe_ticket_capacity":"0","_ticket_start_date":"","_ticket_end_date":"","_tribe_ticket_show_description":"","_tribe_ticket_show_not_going":false,"_tribe_ticket_use_global_stock":"","_tribe_ticket_global_stock_level":"","_global_stock_mode":"","_global_stock_cap":"","_tribe_rsvp_for_event":"","_tribe_ticket_going_count":"","_tribe_ticket_not_going_count":"","_tribe_tickets_list":"[]","_tribe_ticket_has_attendee_info_fields":false,"footnotes":"","_tec_slr_enabled":"","_tec_slr_layout":""},"coauthors":[],"class_list":["post-27","page","type-page","status-publish","hentry"],"acf":[],"aioseo_notices":[],"ticketed":false,"_links":{"self":[{"href":"https:\/\/progeli.ufms.br\/en\/wp-json\/wp\/v2\/pages\/27","targetHints":{"allow":["GET"]}}],"collection":[{"href":"https:\/\/progeli.ufms.br\/en\/wp-json\/wp\/v2\/pages"}],"about":[{"href":"https:\/\/progeli.ufms.br\/en\/wp-json\/wp\/v2\/types\/page"}],"author":[{"embeddable":true,"href":"https:\/\/progeli.ufms.br\/en\/wp-json\/wp\/v2\/users\/42"}],"replies":[{"embeddable":true,"href":"https:\/\/progeli.ufms.br\/en\/wp-json\/wp\/v2\/comments?post=27"}],"version-history":[{"count":36,"href":"https:\/\/progeli.ufms.br\/en\/wp-json\/wp\/v2\/pages\/27\/revisions"}],"predecessor-version":[{"id":1532,"href":"https:\/\/progeli.ufms.br\/en\/wp-json\/wp\/v2\/pages\/27\/revisions\/1532"}],"wp:attachment":[{"href":"https:\/\/progeli.ufms.br\/en\/wp-json\/wp\/v2\/media?parent=27"}],"wp:term":[{"taxonomy":"author","embeddable":true,"href":"https:\/\/progeli.ufms.br\/en\/wp-json\/wp\/v2\/coauthors?post=27"}],"curies":[{"name":"wp","href":"https:\/\/api.w.org\/{rel}","templated":true}]}}