{"id":2165,"date":"2025-08-21T07:39:30","date_gmt":"2025-08-21T11:39:30","guid":{"rendered":"https:\/\/progeli.ufms.br\/?page_id=2165"},"modified":"2025-08-23T08:39:08","modified_gmt":"2025-08-23T12:39:08","slug":"biblioteca","status":"publish","type":"page","link":"https:\/\/progeli.ufms.br\/en\/biblioteca","title":{"rendered":"Biblioteca 2025"},"content":{"rendered":"<p><a href=\"https:\/\/progeli.ufms.br\/files\/2025\/08\/cbg-biblioteca-banner.jpg\"><img fetchpriority=\"high\" decoding=\"async\" class=\"alignnone wp-image-2161\" src=\"https:\/\/progeli.ufms.br\/files\/2025\/08\/cbg-biblioteca-banner-300x78.jpg\" alt=\"\" width=\"719\" height=\"187\" srcset=\"https:\/\/progeli.ufms.br\/files\/2025\/08\/cbg-biblioteca-banner-300x78.jpg 300w, https:\/\/progeli.ufms.br\/files\/2025\/08\/cbg-biblioteca-banner-1024x267.jpg 1024w, https:\/\/progeli.ufms.br\/files\/2025\/08\/cbg-biblioteca-banner-768x200.jpg 768w, https:\/\/progeli.ufms.br\/files\/2025\/08\/cbg-biblioteca-banner-1536x400.jpg 1536w, https:\/\/progeli.ufms.br\/files\/2025\/08\/cbg-biblioteca-banner-730x190.jpg 730w, https:\/\/progeli.ufms.br\/files\/2025\/08\/cbg-biblioteca-banner.jpg 1620w\" sizes=\"(max-width: 719px) 100vw, 719px\" \/><\/a><\/p>\n<p data-start=\"103\" data-end=\"277\">Informamos que o\u00a0<strong data-start=\"120\" data-end=\"157\">cat\u00e1logo da Biblioteca do PROGELI<\/strong>\u00a0j\u00e1 est\u00e1 dispon\u00edvel para consulta em nosso site.<br data-start=\"205\" data-end=\"208\" \/>Acesse e confira os t\u00edtulos dispon\u00edveis para empr\u00e9stimo e pesquisa.<\/p>\n<p data-start=\"279\" data-end=\"399\">\u26a0\ufe0f\u00a0<strong data-start=\"282\" data-end=\"397\">Lembramos que para realizar empr\u00e9stimos \u00e9 necess\u00e1rio estar vinculado ao PROGELI como aluno ou membro da equipe.<\/strong><\/p>\n","protected":false},"excerpt":{"rendered":"<p>Informamos que o\u00a0cat\u00e1logo da Biblioteca do PROGELI\u00a0j\u00e1 est\u00e1 dispon\u00edvel para consulta em nosso site.Acesse e confira os t\u00edtulos dispon\u00edveis para empr\u00e9stimo e pesquisa. \u26a0\ufe0f\u00a0Lembramos que para realizar empr\u00e9stimos \u00e9 necess\u00e1rio estar vinculado ao PROGELI como aluno ou membro da equipe.<\/p>\n","protected":false},"author":36558,"featured_media":0,"parent":0,"menu_order":0,"comment_status":"closed","ping_status":"closed","template":"","meta":{"_acf_changed":false,"_price":"","_stock":"","_tribe_ticket_header":"","_tribe_default_ticket_provider":"","_tribe_ticket_capacity":"0","_ticket_start_date":"","_ticket_end_date":"","_tribe_ticket_show_description":"","_tribe_ticket_show_not_going":false,"_tribe_ticket_use_global_stock":"","_tribe_ticket_global_stock_level":"","_global_stock_mode":"","_global_stock_cap":"","_tribe_rsvp_for_event":"","_tribe_ticket_going_count":"","_tribe_ticket_not_going_count":"","_tribe_tickets_list":"[]","_tribe_ticket_has_attendee_info_fields":false,"footnotes":"","_tec_slr_enabled":"","_tec_slr_layout":""},"coauthors":[40],"class_list":["post-2165","page","type-page","status-publish","hentry"],"acf":[],"aioseo_notices":[],"ticketed":false,"_links":{"self":[{"href":"https:\/\/progeli.ufms.br\/en\/wp-json\/wp\/v2\/pages\/2165","targetHints":{"allow":["GET"]}}],"collection":[{"href":"https:\/\/progeli.ufms.br\/en\/wp-json\/wp\/v2\/pages"}],"about":[{"href":"https:\/\/progeli.ufms.br\/en\/wp-json\/wp\/v2\/types\/page"}],"author":[{"embeddable":true,"href":"https:\/\/progeli.ufms.br\/en\/wp-json\/wp\/v2\/users\/36558"}],"replies":[{"embeddable":true,"href":"https:\/\/progeli.ufms.br\/en\/wp-json\/wp\/v2\/comments?post=2165"}],"version-history":[{"count":12,"href":"https:\/\/progeli.ufms.br\/en\/wp-json\/wp\/v2\/pages\/2165\/revisions"}],"predecessor-version":[{"id":2189,"href":"https:\/\/progeli.ufms.br\/en\/wp-json\/wp\/v2\/pages\/2165\/revisions\/2189"}],"wp:attachment":[{"href":"https:\/\/progeli.ufms.br\/en\/wp-json\/wp\/v2\/media?parent=2165"}],"wp:term":[{"taxonomy":"author","embeddable":true,"href":"https:\/\/progeli.ufms.br\/en\/wp-json\/wp\/v2\/coauthors?post=2165"}],"curies":[{"name":"wp","href":"https:\/\/api.w.org\/{rel}","templated":true}]}}