{"id":2103,"date":"2025-08-16T15:41:37","date_gmt":"2025-08-16T19:41:37","guid":{"rendered":"https:\/\/progeli.ufms.br\/?page_id=2103"},"modified":"2025-08-16T15:44:31","modified_gmt":"2025-08-16T19:44:31","slug":"editais-2","status":"publish","type":"page","link":"https:\/\/progeli.ufms.br\/en\/editais-2","title":{"rendered":"Editais"},"content":{"rendered":"\t\t<div data-elementor-type=\"wp-page\" data-elementor-id=\"2103\" class=\"elementor elementor-2103\">\n\t\t\t\t<div class=\"elementor-element elementor-element-8719e74 e-flex e-con-boxed e-con e-parent\" data-id=\"8719e74\" data-element_type=\"container\">\n\t\t\t\t\t<div class=\"e-con-inner\">\n\t\t\t\t<div class=\"elementor-element elementor-element-3cf7dd3 elementor-widget elementor-widget-contentviews_widget_collapsible\" data-id=\"3cf7dd3\" data-element_type=\"widget\" data-widget_type=\"contentviews_widget_collapsible.default\">\n\t\t\t\t<div class=\"elementor-widget-container\">\n\t\t\t\t\t<div class='pt-cv-wrapper'> <div class=\"pt-cv-view pt-cv-collapsible iscvblock iscvelementor collapsible layout1\" id=\"pt-cv-view-3cf7dd3\"><div data-id=\"pt-cv-page-1\" class=\"pt-cv-page\" data-cvc=\"3\"><div class=\"panel-group\" id=\"a717b170f4\"><div class=\"panel panel-default pt-cv-content-item pt-cv-1-col\" >\r\n<div class=\"panel-heading pt-cv-title\">\r\n    <a class=\"panel-title\" data-toggle=\"cvcollapse\" data-parent=\"#a717b170f4\" data-target=\"#a3bbe7ale2\" href='https:\/\/progeli.ufms.br\/en\/archives\/2371' onclick='event.preventDefault()'>\r\n\t\tEDITAL N\u00ba 167\/2026-PROGELI UFMS Pr\u00e9-Classifica\u00e7\u00e3o da Sele\u00e7\u00e3o de inscritos como alunos isentos- Cidade Universit\u00e1ria.\t<\/a>\r\n\t<\/div>\r\n<div id=\"a3bbe7ale2\" class=\"panel-collapse collapse in\">\r\n\t<div class=\"panel-body\">\r\n\t\t<div class=\"pt-cv-rmwrap\"><a href=\"https:\/\/progeli.ufms.br\/en\/archives\/2371\" class=\"_self pt-cv-readmore btn btn-success\" target=\"_self\" >Leia Mais<\/a><\/div>\n<div class=\"pt-cv-meta-fields\"><span class=\"entry-date\"> <time datetime=\"2026-04-16T13:27:41-04:00\">Thursday April 16th, 2026<\/time><\/span><span> \/ <\/span><span class=\"author\"> <a href=\"https:\/\/progeli.ufms.br\/en\/archives\/author\/kennedy-ortega\" rel=\"author\">KENNEDY ORTEGA CORONEL DA SILVA<\/a><\/span><\/div>\t<\/div>\r\n<\/div><\/div>\n<div class=\"panel panel-default pt-cv-content-item pt-cv-1-col\" >\r\n<div class=\"panel-heading pt-cv-title\">\r\n    <a class=\"panel-title\" data-toggle=\"cvcollapse\" data-parent=\"#a717b170f4\" data-target=\"#adee607jt5\" href='https:\/\/progeli.ufms.br\/en\/archives\/2316' onclick='event.preventDefault()'>\r\n\t\tEDITAL N\u00ba 166\/2026 &#8211; PROECE\/UFMS\t<\/a>\r\n\t<\/div>\r\n<div id=\"adee607jt5\" class=\"panel-collapse collapse \">\r\n\t<div class=\"panel-body\">\r\n\t\t<div class=\"pt-cv-rmwrap\"><a href=\"https:\/\/progeli.ufms.br\/en\/archives\/2316\" class=\"_self pt-cv-readmore btn btn-success\" target=\"_self\" >Leia Mais<\/a><\/div>\n<div class=\"pt-cv-meta-fields\"><span class=\"entry-date\"> <time datetime=\"2026-03-23T19:05:20-04:00\">Monday March 23rd, 2026<\/time><\/span><span> \/ <\/span><span class=\"author\"> <a href=\"https:\/\/progeli.ufms.br\/en\/archives\/author\/kennedy-ortega\" rel=\"author\">KENNEDY ORTEGA CORONEL DA SILVA<\/a><\/span><\/div>\t<\/div>\r\n<\/div><\/div>\n<div class=\"panel panel-default pt-cv-content-item pt-cv-1-col\" >\r\n<div class=\"panel-heading pt-cv-title\">\r\n    <a class=\"panel-title\" data-toggle=\"cvcollapse\" data-parent=\"#a717b170f4\" data-target=\"#6a2e980tcl\" href='https:\/\/progeli.ufms.br\/en\/archives\/2312' onclick='event.preventDefault()'>\r\n\t\tEDITAL N\u00ba 132\/2026 &#8211; PROECE\/UFMS. RESULTADO FINAL\t<\/a>\r\n\t<\/div>\r\n<div id=\"6a2e980tcl\" class=\"panel-collapse collapse \">\r\n\t<div class=\"panel-body\">\r\n\t\t<div class=\"pt-cv-rmwrap\"><a href=\"https:\/\/progeli.ufms.br\/en\/archives\/2312\" class=\"_self pt-cv-readmore btn btn-success\" target=\"_self\" >Leia Mais<\/a><\/div>\n<div class=\"pt-cv-meta-fields\"><span class=\"entry-date\"> <time datetime=\"2026-03-13T15:51:27-04:00\">Friday March 13th, 2026<\/time><\/span><span> \/ <\/span><span class=\"author\"> <a href=\"https:\/\/progeli.ufms.br\/en\/archives\/author\/kennedy-ortega\" rel=\"author\">KENNEDY ORTEGA CORONEL DA SILVA<\/a><\/span><\/div>\t<\/div>\r\n<\/div><\/div>\n<div class=\"panel panel-default pt-cv-content-item pt-cv-1-col\" >\r\n<div class=\"panel-heading pt-cv-title\">\r\n    <a class=\"panel-title\" data-toggle=\"cvcollapse\" data-parent=\"#a717b170f4\" data-target=\"#1196ecdcij\" href='https:\/\/progeli.ufms.br\/en\/archives\/2307' onclick='event.preventDefault()'>\r\n\t\tEDITAL N\u00ba 105\/2026 &#8211; PROECE\/UFMS. Classifica\u00e7\u00e3o Final\t<\/a>\r\n\t<\/div>\r\n<div id=\"1196ecdcij\" class=\"panel-collapse collapse \">\r\n\t<div class=\"panel-body\">\r\n\t\t<div class=\"pt-cv-rmwrap\"><a href=\"https:\/\/progeli.ufms.br\/en\/archives\/2307\" class=\"_self pt-cv-readmore btn btn-success\" target=\"_self\" >Leia Mais<\/a><\/div>\n<div class=\"pt-cv-meta-fields\"><span class=\"entry-date\"> <time datetime=\"2026-03-05T15:07:35-04:00\">Thursday March 5th, 2026<\/time><\/span><span> \/ <\/span><span class=\"author\"> <a href=\"https:\/\/progeli.ufms.br\/en\/archives\/author\/kennedy-ortega\" rel=\"author\">KENNEDY ORTEGA CORONEL DA SILVA<\/a><\/span><\/div>\t<\/div>\r\n<\/div><\/div>\n<div class=\"panel panel-default pt-cv-content-item pt-cv-1-col\" >\r\n<div class=\"panel-heading pt-cv-title\">\r\n    <a class=\"panel-title\" data-toggle=\"cvcollapse\" data-parent=\"#a717b170f4\" data-target=\"#99792c92w9\" href='https:\/\/progeli.ufms.br\/en\/archives\/2303' onclick='event.preventDefault()'>\r\n\t\tEDITAL N\u00ba 91\/2026 \u2013 PROECE\/UFMS\t<\/a>\r\n\t<\/div>\r\n<div id=\"99792c92w9\" class=\"panel-collapse collapse \">\r\n\t<div class=\"panel-body\">\r\n\t\t<div class=\"pt-cv-rmwrap\"><a href=\"https:\/\/progeli.ufms.br\/en\/archives\/2303\" class=\"_self pt-cv-readmore btn btn-success\" target=\"_self\" >Leia Mais<\/a><\/div>\n<div class=\"pt-cv-meta-fields\"><span class=\"entry-date\"> <time datetime=\"2026-02-27T12:14:39-04:00\">Friday February 27th, 2026<\/time><\/span><span> \/ <\/span><span class=\"author\"> <a href=\"https:\/\/progeli.ufms.br\/en\/archives\/author\/kennedy-ortega\" rel=\"author\">KENNEDY ORTEGA CORONEL DA SILVA<\/a><\/span><\/div>\t<\/div>\r\n<\/div><\/div>\n<div class=\"panel panel-default pt-cv-content-item pt-cv-1-col\" >\r\n<div class=\"panel-heading pt-cv-title\">\r\n    <a class=\"panel-title\" data-toggle=\"cvcollapse\" data-parent=\"#a717b170f4\" data-target=\"#5de29d0pax\" href='https:\/\/progeli.ufms.br\/en\/archives\/2298' onclick='event.preventDefault()'>\r\n\t\tEDITAL N\u00ba 61\/2026 &#8211; PROECE\/UFMS\t<\/a>\r\n\t<\/div>\r\n<div id=\"5de29d0pax\" class=\"panel-collapse collapse \">\r\n\t<div class=\"panel-body\">\r\n\t\t<div class=\"pt-cv-rmwrap\"><a href=\"https:\/\/progeli.ufms.br\/en\/archives\/2298\" class=\"_self pt-cv-readmore btn btn-success\" target=\"_self\" >Leia Mais<\/a><\/div>\n<div class=\"pt-cv-meta-fields\"><span class=\"entry-date\"> <time datetime=\"2026-02-24T10:52:10-04:00\">Tuesday February 24th, 2026<\/time><\/span><span> \/ <\/span><span class=\"author\"> <a href=\"https:\/\/progeli.ufms.br\/en\/archives\/author\/kennedy-ortega\" rel=\"author\">KENNEDY ORTEGA CORONEL DA SILVA<\/a><\/span><\/div>\t<\/div>\r\n<\/div><\/div><\/div><\/div><\/div> <\/div> \t\t\t\t<\/div>\n\t\t\t\t<\/div>\n\t\t\t\t\t<\/div>\n\t\t\t\t<\/div>\n\t\t\t\t<\/div>\n\t\t","protected":false},"excerpt":{"rendered":"<p>(sem t\u00edtulo) Leia Mais 16 de agosto de 2025 \/ KENNEDY ORTEGA CORONEL DA SILVA<\/p>\n","protected":false},"author":36558,"featured_media":0,"parent":0,"menu_order":0,"comment_status":"closed","ping_status":"closed","template":"","meta":{"_acf_changed":false,"_price":"","_stock":"","_tribe_ticket_header":"","_tribe_default_ticket_provider":"","_tribe_ticket_capacity":"0","_ticket_start_date":"","_ticket_end_date":"","_tribe_ticket_show_description":"","_tribe_ticket_show_not_going":false,"_tribe_ticket_use_global_stock":"","_tribe_ticket_global_stock_level":"","_global_stock_mode":"","_global_stock_cap":"","_tribe_rsvp_for_event":"","_tribe_ticket_going_count":"","_tribe_ticket_not_going_count":"","_tribe_tickets_list":"[]","_tribe_ticket_has_attendee_info_fields":false,"footnotes":"","_tec_slr_enabled":"","_tec_slr_layout":""},"coauthors":[],"class_list":["post-2103","page","type-page","status-publish","hentry"],"acf":[],"aioseo_notices":[],"ticketed":false,"_links":{"self":[{"href":"https:\/\/progeli.ufms.br\/en\/wp-json\/wp\/v2\/pages\/2103","targetHints":{"allow":["GET"]}}],"collection":[{"href":"https:\/\/progeli.ufms.br\/en\/wp-json\/wp\/v2\/pages"}],"about":[{"href":"https:\/\/progeli.ufms.br\/en\/wp-json\/wp\/v2\/types\/page"}],"author":[{"embeddable":true,"href":"https:\/\/progeli.ufms.br\/en\/wp-json\/wp\/v2\/users\/36558"}],"replies":[{"embeddable":true,"href":"https:\/\/progeli.ufms.br\/en\/wp-json\/wp\/v2\/comments?post=2103"}],"version-history":[{"count":4,"href":"https:\/\/progeli.ufms.br\/en\/wp-json\/wp\/v2\/pages\/2103\/revisions"}],"predecessor-version":[{"id":2109,"href":"https:\/\/progeli.ufms.br\/en\/wp-json\/wp\/v2\/pages\/2103\/revisions\/2109"}],"wp:attachment":[{"href":"https:\/\/progeli.ufms.br\/en\/wp-json\/wp\/v2\/media?parent=2103"}],"wp:term":[{"taxonomy":"author","embeddable":true,"href":"https:\/\/progeli.ufms.br\/en\/wp-json\/wp\/v2\/coauthors?post=2103"}],"curies":[{"name":"wp","href":"https:\/\/api.w.org\/{rel}","templated":true}]}}