{"id":1574,"date":"2024-08-04T20:42:42","date_gmt":"2024-08-05T00:42:42","guid":{"rendered":"https:\/\/progeli.ufms.br\/?page_id=1574"},"modified":"2025-07-28T15:40:46","modified_gmt":"2025-07-28T19:40:46","slug":"testes-de-nivelamento","status":"publish","type":"page","link":"https:\/\/progeli.ufms.br\/en\/testes-de-nivelamento","title":{"rendered":"Testes de Nivelamento"},"content":{"rendered":"<p>Clique no link abaixo do teste que voc\u00ea gostaria de realizar. Seja bastante honesta\/o nas suas respostas. Ela v\u00e3o determinar o seu n\u00edvel. Caso seja verificado que voc\u00ea n\u00e3o tem conhecimento para acompanhar as turmas. Em caso de necessidade, o professor da turma pode sugerir um nivelamento oral com a coordena\u00e7\u00e3o para nos certificarmos do n\u00edvel.<\/p>\n<h4>Ingl\u00eas<\/h4>\n<p>N\u00e3o h\u00e1 necessidade de teste de Nivelamento para Iniciante A<\/p>\n<p><a href=\"https:\/\/forms.gle\/pqct1ZyHNjq8XYVN6\">Teste de Nivelamento do Ingl\u00eas para fazer o Iniciante B<\/a><\/p>\n<p>&nbsp;<\/p>\n<p><a href=\"https:\/\/docs.google.com\/forms\/d\/e\/1FAIpQLSeC96jhcPAXaxMCTXFygsaHRRYFvBEOalrMVxfXTtF3ke0Ezg\/viewform?usp=dialog\">Teste de Nivelamento do Ingl\u00eas para fazer o Intermedi\u00e1rio A<\/a><\/p>\n<p><a href=\"https:\/\/forms.gle\/YLeDfC5GYnwugE1P8\">Teste de Nivelamento do Ingl\u00eas para fazer o Intermedi\u00e1rio B<\/a><\/p>\n<p>&nbsp;<\/p>\n<p>Teste de Nivelamento do Ingl\u00eas para fazer o Avan\u00e7ado A (em desenvolvimento)<\/p>\n<p>&nbsp;<\/p>\n<h4>Franc\u00eas<\/h4>\n<p>N\u00e3o h\u00e1 necessidade de teste de Nivelamento para Iniciante A<\/p>\n<p><a href=\"https:\/\/forms.gle\/NtfmvviTWXYY4t7J6\">Teste de Profici\u00eancia do Franc\u00eas para fazer o Iniciante B<\/a><\/p>\n<p>Teste de Profici\u00eancia do Franc\u00eas para fazer o Intermedi\u00e1rio A (em desenvolvimento)<\/p>\n<p>Teste de Profici\u00eancia do Franc\u00eas para fazer o Intermedi\u00e1rio B (em desenvolvimento)<\/p>\n<p>&nbsp;<\/p>\n<h4>Espanhol<\/h4>\n<p>N\u00e3o h\u00e1 necessidade de teste de Nivelamento para Iniciante A<\/p>\n<p><a href=\"https:\/\/docs.google.com\/forms\/d\/e\/1FAIpQLSfQEf1UUNNzN3_R8HVXhYVPF9pW8zsaC1TRhK95tlKp5ju2SQ\/viewform?usp=sf_link\">Teste de Nivelamento do Espanhol para fazer o Iniciante B<\/a><\/p>\n<p>Teste de Nivelamento do Espanhol para fazer o Intermedi\u00e1rio A (em desenvolvimento)<\/p>\n<p>Teste de Nivelamento do Espanhol para fazer o Intermedi\u00e1rio B (em desenvolvimento)<\/p>\n<p>&nbsp;<\/p>\n<h4>Italiano<\/h4>\n<p>N\u00e3o h\u00e1 necessidade de teste de Nivelamento para Iniciante A<\/p>\n<p><a href=\"https:\/\/docs.google.com\/forms\/d\/e\/1FAIpQLSe2ehp1d0seD54aR1n26CU6r1Q8qc39gypLtpxVZatzNuJUWA\/viewform?usp=sf_link\">Teste de Nivelamento do Italiano para fazer o Iniciante B<\/a><\/p>\n<p>Teste de Nivelamento do Italiano para fazer o Intermedi\u00e1rio A<\/p>\n<p>Teste de Nivelamento do Italiano para fazer o Intermedi\u00e1rio B<\/p>\n<p>&nbsp;<\/p>\n<h4>Alem\u00e3o<\/h4>\n<p>N\u00e3o h\u00e1 necessidade de teste de Nivelamento para Iniciante A<\/p>\n<p><a href=\"https:\/\/forms.gle\/DdzEwutVSKPAFJHw5\">Teste de Nivelamento do Alem\u00e3o para fazer o Iniciante B<\/a><\/p>\n<p>Teste de Nivelamento do Alem\u00e3o para fazer o Intermedi\u00e1rio A (em desenvolvimento)<\/p>\n<p><a href=\"https:\/\/docs.google.com\/forms\/d\/e\/1FAIpQLScVAvdLlRK7yo_3ImPCp71X9Bthdgowzt1jpTMvZrfrNgP4aw\/viewform?usp=dialog\">Teste de Nivelamento do Alem\u00e3o para fazer o Intermedi\u00e1rio B<\/a><\/p>\n<p>&nbsp;<\/p>\n<p><strong>Japon\u00eas<\/strong><\/p>\n<p>(em desenvolvimento)<\/p>\n<p>&nbsp;<\/p>\n<p><strong>Guarani<\/strong><\/p>\n<p>(em desenvolvimento)<\/p>\n<p>&nbsp;<\/p>\n","protected":false},"excerpt":{"rendered":"<p>Clique no link abaixo do teste que voc\u00ea gostaria de realizar. Seja bastante honesta\/o nas suas respostas. Ela v\u00e3o determinar o seu n\u00edvel. Caso seja verificado que voc\u00ea n\u00e3o tem conhecimento para acompanhar as turmas. Em caso de necessidade, o professor da turma pode sugerir um nivelamento oral com a coordena\u00e7\u00e3o para nos certificarmos do&#8230;<\/p>\n","protected":false},"author":41416,"featured_media":0,"parent":0,"menu_order":0,"comment_status":"closed","ping_status":"closed","template":"","meta":{"_acf_changed":false,"_price":"","_stock":"","_tribe_ticket_header":"","_tribe_default_ticket_provider":"","_tribe_ticket_capacity":"0","_ticket_start_date":"","_ticket_end_date":"","_tribe_ticket_show_description":"","_tribe_ticket_show_not_going":false,"_tribe_ticket_use_global_stock":"","_tribe_ticket_global_stock_level":"","_global_stock_mode":"","_global_stock_cap":"","_tribe_rsvp_for_event":"","_tribe_ticket_going_count":"","_tribe_ticket_not_going_count":"","_tribe_tickets_list":"[]","_tribe_ticket_has_attendee_info_fields":false,"footnotes":"","_tec_slr_enabled":"","_tec_slr_layout":""},"coauthors":[39],"class_list":["post-1574","page","type-page","status-publish","hentry"],"acf":[],"aioseo_notices":[],"ticketed":false,"_links":{"self":[{"href":"https:\/\/progeli.ufms.br\/en\/wp-json\/wp\/v2\/pages\/1574","targetHints":{"allow":["GET"]}}],"collection":[{"href":"https:\/\/progeli.ufms.br\/en\/wp-json\/wp\/v2\/pages"}],"about":[{"href":"https:\/\/progeli.ufms.br\/en\/wp-json\/wp\/v2\/types\/page"}],"author":[{"embeddable":true,"href":"https:\/\/progeli.ufms.br\/en\/wp-json\/wp\/v2\/users\/41416"}],"replies":[{"embeddable":true,"href":"https:\/\/progeli.ufms.br\/en\/wp-json\/wp\/v2\/comments?post=1574"}],"version-history":[{"count":8,"href":"https:\/\/progeli.ufms.br\/en\/wp-json\/wp\/v2\/pages\/1574\/revisions"}],"predecessor-version":[{"id":1689,"href":"https:\/\/progeli.ufms.br\/en\/wp-json\/wp\/v2\/pages\/1574\/revisions\/1689"}],"wp:attachment":[{"href":"https:\/\/progeli.ufms.br\/en\/wp-json\/wp\/v2\/media?parent=1574"}],"wp:term":[{"taxonomy":"author","embeddable":true,"href":"https:\/\/progeli.ufms.br\/en\/wp-json\/wp\/v2\/coauthors?post=1574"}],"curies":[{"name":"wp","href":"https:\/\/api.w.org\/{rel}","templated":true}]}}